{"id":2,"date":"2022-06-22T07:39:31","date_gmt":"2022-06-22T07:39:31","guid":{"rendered":"https:\/\/proisolatsioon.ee\/?page_id=2"},"modified":"2024-09-16T07:01:37","modified_gmt":"2024-09-16T07:01:37","slug":"sample-page","status":"publish","type":"page","link":"https:\/\/proisolatsioon.ee\/","title":{"rendered":"Pealeht"},"content":{"rendered":"\t\t<div data-elementor-type=\"wp-page\" data-elementor-id=\"2\" class=\"elementor elementor-2\" data-elementor-post-type=\"page\">\n\t\t\t\t\t\t<section class=\"elementor-section elementor-top-section elementor-element elementor-element-2884f4e elementor-section-boxed elementor-section-height-default elementor-section-height-default\" data-id=\"2884f4e\" data-element_type=\"section\" data-e-type=\"section\" data-settings=\"{&quot;background_background&quot;:&quot;classic&quot;}\">\n\t\t\t\t\t\t<div class=\"elementor-container elementor-column-gap-default\">\n\t\t\t\t\t<div class=\"elementor-column elementor-col-100 elementor-top-column elementor-element elementor-element-01d8393\" data-id=\"01d8393\" data-element_type=\"column\" data-e-type=\"column\">\n\t\t\t<div class=\"elementor-widget-wrap elementor-element-populated\">\n\t\t\t\t\t\t<section class=\"elementor-section elementor-inner-section elementor-element elementor-element-e3b660b elementor-section-boxed elementor-section-height-default elementor-section-height-default\" data-id=\"e3b660b\" data-element_type=\"section\" data-e-type=\"section\">\n\t\t\t\t\t\t<div class=\"elementor-container elementor-column-gap-default\">\n\t\t\t\t\t<div class=\"elementor-column elementor-col-50 elementor-inner-column elementor-element elementor-element-ee95708\" data-id=\"ee95708\" data-element_type=\"column\" data-e-type=\"column\">\n\t\t\t<div class=\"elementor-widget-wrap elementor-element-populated\">\n\t\t\t\t\t\t<div class=\"elementor-element elementor-element-fb2b0c2 elementor-widget elementor-widget-heading\" data-id=\"fb2b0c2\" data-element_type=\"widget\" data-e-type=\"widget\" data-widget_type=\"heading.default\">\n\t\t\t\t\t<h2 class=\"elementor-heading-title elementor-size-default\">Ehitus- ja\nt\u00f6\u00f6stusisolatsioon<\/h2>\t\t\t\t<\/div>\n\t\t\t\t<div class=\"elementor-element elementor-element-ab8fac0 elementor-widget elementor-widget-text-editor\" data-id=\"ab8fac0\" data-element_type=\"widget\" data-e-type=\"widget\" data-widget_type=\"text-editor.default\">\n\t\t\t\t\t\t\t\t\t<p>Klientide isoleerimise teemalisi kirju\u00a0ootame alati suure r\u00f5\u00f5muga. K\u00fcsi julgelt hinda!<\/p>\t\t\t\t\t\t\t\t<\/div>\n\t\t\t\t<div class=\"elementor-element elementor-element-2778b88 elementor-widget elementor-widget-button\" data-id=\"2778b88\" data-element_type=\"widget\" data-e-type=\"widget\" data-widget_type=\"button.default\">\n\t\t\t\t\t\t\t\t\t\t<a class=\"elementor-button elementor-button-link elementor-size-sm\" href=\"mailto:info@proisolatsioon.ee\">\n\t\t\t\t\t\t<span class=\"elementor-button-content-wrapper\">\n\t\t\t\t\t\t\t\t\t<span class=\"elementor-button-text\">Hinnap\u00e4ring<\/span>\n\t\t\t\t\t<\/span>\n\t\t\t\t\t<\/a>\n\t\t\t\t\t\t\t\t<\/div>\n\t\t\t\t\t<\/div>\n\t\t<\/div>\n\t\t\t\t<div class=\"elementor-column elementor-col-50 elementor-inner-column elementor-element elementor-element-fb94f9e\" data-id=\"fb94f9e\" data-element_type=\"column\" data-e-type=\"column\">\n\t\t\t<div class=\"elementor-widget-wrap elementor-element-populated\">\n\t\t\t\t\t\t<div class=\"elementor-element elementor-element-1302bab elementor-widget elementor-widget-image\" data-id=\"1302bab\" data-element_type=\"widget\" data-e-type=\"widget\" data-widget_type=\"image.default\">\n\t\t\t\t\t\t\t\t\t\t\t\t\t\t\t<img fetchpriority=\"high\" decoding=\"async\" width=\"514\" height=\"500\" src=\"https:\/\/proisolatsioon.ee\/wp-content\/uploads\/2022\/06\/Group-98.png\" class=\"attachment-large size-large wp-image-58\" alt=\"\" srcset=\"https:\/\/proisolatsioon.ee\/wp-content\/uploads\/2022\/06\/Group-98.png 514w, https:\/\/proisolatsioon.ee\/wp-content\/uploads\/2022\/06\/Group-98-300x292.png 300w\" sizes=\"(max-width: 514px) 100vw, 514px\" \/>\t\t\t\t\t\t\t\t\t\t\t\t\t\t\t<\/div>\n\t\t\t\t<div class=\"elementor-element elementor-element-27c602a elementor-widget elementor-widget-text-editor\" data-id=\"27c602a\" data-element_type=\"widget\" data-e-type=\"widget\" data-widget_type=\"text-editor.default\">\n\t\t\t\t\t\t\t\t\t<p>Oleme Eesti suurim soojustusmaterjalide m\u00fc\u00fcgile spetsialiseerunud firma ja tahame Sulle pakkuda alati parimat valikut. Kui Sa ei leia siit soovitud soojustusmaterjali, v\u00f5ta \u00fchendust ja leiame koos lahenduse!<\/p>\t\t\t\t\t\t\t\t<\/div>\n\t\t\t\t\t<\/div>\n\t\t<\/div>\n\t\t\t\t\t<\/div>\n\t\t<\/section>\n\t\t\t\t<section class=\"elementor-section elementor-inner-section elementor-element elementor-element-6dc2fb0 elementor-section-boxed elementor-section-height-default elementor-section-height-default\" data-id=\"6dc2fb0\" data-element_type=\"section\" data-e-type=\"section\">\n\t\t\t\t\t\t<div class=\"elementor-container elementor-column-gap-default\">\n\t\t\t\t\t<div class=\"elementor-column elementor-col-33 elementor-inner-column elementor-element elementor-element-98751ac\" data-id=\"98751ac\" data-element_type=\"column\" data-e-type=\"column\">\n\t\t\t<div class=\"elementor-widget-wrap elementor-element-populated\">\n\t\t\t\t\t\t<div class=\"elementor-element elementor-element-303c80d elementor-view-default elementor-widget elementor-widget-icon\" data-id=\"303c80d\" data-element_type=\"widget\" data-e-type=\"widget\" data-widget_type=\"icon.default\">\n\t\t\t\t\t\t\t<div class=\"elementor-icon-wrapper\">\n\t\t\t<div class=\"elementor-icon\">\n\t\t\t<svg xmlns=\"http:\/\/www.w3.org\/2000\/svg\" xmlns:xlink=\"http:\/\/www.w3.org\/1999\/xlink\" id=\"Group_2\" data-name=\"Group 2\" width=\"43.183\" height=\"43.182\" viewBox=\"0 0 43.183 43.182\"><defs><clipPath id=\"clip-path\"><rect id=\"Rectangle_13\" data-name=\"Rectangle 13\" width=\"43.183\" height=\"43.182\" fill=\"none\"><\/rect><\/clipPath><\/defs><g id=\"Group_1\" data-name=\"Group 1\" transform=\"translate(0 0)\" clip-path=\"url(#clip-path)\"><path id=\"Path_2\" data-name=\"Path 2\" d=\"M17.636,42.013H41.1a.976.976,0,0,0,.976-.976V28.961l1.58,1.3A.977.977,0,0,0,44.9,28.756L29.99,16.465a.976.976,0,0,0-1.242,0L13.837,28.756a.977.977,0,0,0,1.242,1.507l1.58-1.3V41.037a.976.976,0,0,0,.976.976m8.6-10.307H32.5v8.354H26.233Zm3.136-13.223,10.757,8.867v12.71H34.458V30.73a.977.977,0,0,0-.976-.976H25.256a.977.977,0,0,0-.976.976v9.33H18.612V27.351Z\" transform=\"translate(-7.778 -9.37)\" fill=\"#4d4d4d\"><\/path><path id=\"Path_3\" data-name=\"Path 3\" d=\"M3.579,25.972v5.7a.976.976,0,1,0,1.953,0v-6.36a.976.976,0,0,0-.674-.929,4.214,4.214,0,0,1-.984-7.54.953.953,0,0,0,.089-.065L21.592,2.242,39.219,16.774a.953.953,0,0,0,.089.065,4.213,4.213,0,0,1-.984,7.54.977.977,0,0,0-.674.929v6.36a.976.976,0,1,0,1.953,0v-5.7a6.166,6.166,0,0,0,.818-10.738L22.212.223a.977.977,0,0,0-1.242,0L2.761,15.233a6.166,6.166,0,0,0,.818,10.738\" transform=\"translate(0 0)\" fill=\"#4d4d4d\"><\/path><path id=\"Path_4\" data-name=\"Path 4\" d=\"M42.206,83.5H.976A.976.976,0,0,0,0,84.48v5.9a.976.976,0,0,0,.976.976H42.206a.977.977,0,0,0,.977-.976v-5.9a.977.977,0,0,0-.977-.976m-.976,5.9H1.953V85.457H41.229Z\" transform=\"translate(0 -48.176)\" fill=\"#4d4d4d\"><\/path><\/g><\/svg>\t\t\t<\/div>\n\t\t<\/div>\n\t\t\t\t\t\t<\/div>\n\t\t\t\t<div class=\"elementor-element elementor-element-0f15950 elementor-widget elementor-widget-heading\" data-id=\"0f15950\" data-element_type=\"widget\" data-e-type=\"widget\" data-widget_type=\"heading.default\">\n\t\t\t\t\t<span class=\"elementor-heading-title elementor-size-default\">Kvaliteetne teenindus<\/span>\t\t\t\t<\/div>\n\t\t\t\t<div class=\"elementor-element elementor-element-de02127 elementor-widget elementor-widget-text-editor\" data-id=\"de02127\" data-element_type=\"widget\" data-e-type=\"widget\" data-widget_type=\"text-editor.default\">\n\t\t\t\t\t\t\t\t\t<p>Sind kuulavad t\u00f5eliselt p\u00fchendunud t\u00f6\u00f6tajad, sest<br \/>tahame pakkuda parimat teenindust ja anda<br \/>endast 120%. Rahulolev klient teeb meid r\u00f5\u00f5msaks!<\/p>\t\t\t\t\t\t\t\t<\/div>\n\t\t\t\t\t<\/div>\n\t\t<\/div>\n\t\t\t\t<div class=\"elementor-column elementor-col-33 elementor-inner-column elementor-element elementor-element-4f96a5d\" data-id=\"4f96a5d\" data-element_type=\"column\" data-e-type=\"column\">\n\t\t\t<div class=\"elementor-widget-wrap elementor-element-populated\">\n\t\t\t\t\t\t<div class=\"elementor-element elementor-element-b16bbc1 elementor-view-default elementor-widget elementor-widget-icon\" data-id=\"b16bbc1\" data-element_type=\"widget\" data-e-type=\"widget\" data-widget_type=\"icon.default\">\n\t\t\t\t\t\t\t<div class=\"elementor-icon-wrapper\">\n\t\t\t<div class=\"elementor-icon\">\n\t\t\t<svg xmlns=\"http:\/\/www.w3.org\/2000\/svg\" xmlns:xlink=\"http:\/\/www.w3.org\/1999\/xlink\" id=\"Group_2\" data-name=\"Group 2\" width=\"43.183\" height=\"43.182\" viewBox=\"0 0 43.183 43.182\"><defs><clipPath id=\"clip-path\"><rect id=\"Rectangle_13\" data-name=\"Rectangle 13\" width=\"43.183\" height=\"43.182\" fill=\"none\"><\/rect><\/clipPath><\/defs><g id=\"Group_1\" data-name=\"Group 1\" transform=\"translate(0 0)\" clip-path=\"url(#clip-path)\"><path id=\"Path_2\" data-name=\"Path 2\" d=\"M17.636,42.013H41.1a.976.976,0,0,0,.976-.976V28.961l1.58,1.3A.977.977,0,0,0,44.9,28.756L29.99,16.465a.976.976,0,0,0-1.242,0L13.837,28.756a.977.977,0,0,0,1.242,1.507l1.58-1.3V41.037a.976.976,0,0,0,.976.976m8.6-10.307H32.5v8.354H26.233Zm3.136-13.223,10.757,8.867v12.71H34.458V30.73a.977.977,0,0,0-.976-.976H25.256a.977.977,0,0,0-.976.976v9.33H18.612V27.351Z\" transform=\"translate(-7.778 -9.37)\" fill=\"#4d4d4d\"><\/path><path id=\"Path_3\" data-name=\"Path 3\" d=\"M3.579,25.972v5.7a.976.976,0,1,0,1.953,0v-6.36a.976.976,0,0,0-.674-.929,4.214,4.214,0,0,1-.984-7.54.953.953,0,0,0,.089-.065L21.592,2.242,39.219,16.774a.953.953,0,0,0,.089.065,4.213,4.213,0,0,1-.984,7.54.977.977,0,0,0-.674.929v6.36a.976.976,0,1,0,1.953,0v-5.7a6.166,6.166,0,0,0,.818-10.738L22.212.223a.977.977,0,0,0-1.242,0L2.761,15.233a6.166,6.166,0,0,0,.818,10.738\" transform=\"translate(0 0)\" fill=\"#4d4d4d\"><\/path><path id=\"Path_4\" data-name=\"Path 4\" d=\"M42.206,83.5H.976A.976.976,0,0,0,0,84.48v5.9a.976.976,0,0,0,.976.976H42.206a.977.977,0,0,0,.977-.976v-5.9a.977.977,0,0,0-.977-.976m-.976,5.9H1.953V85.457H41.229Z\" transform=\"translate(0 -48.176)\" fill=\"#4d4d4d\"><\/path><\/g><\/svg>\t\t\t<\/div>\n\t\t<\/div>\n\t\t\t\t\t\t<\/div>\n\t\t\t\t<div class=\"elementor-element elementor-element-ad91964 elementor-widget elementor-widget-heading\" data-id=\"ad91964\" data-element_type=\"widget\" data-e-type=\"widget\" data-widget_type=\"heading.default\">\n\t\t\t\t\t<span class=\"elementor-heading-title elementor-size-default\">Pikaajaline kogemus<\/span>\t\t\t\t<\/div>\n\t\t\t\t<div class=\"elementor-element elementor-element-268d816 elementor-widget elementor-widget-text-editor\" data-id=\"268d816\" data-element_type=\"widget\" data-e-type=\"widget\" data-widget_type=\"text-editor.default\">\n\t\t\t\t\t\t\t\t\t<p>Sind konsulteerib t\u00f5elistest PROfessionaalidest<br \/>koosnev meeskond, kes on soojustusmaterjalidega<br \/>tegelenud \u00fcle 19 aasta<\/p>\t\t\t\t\t\t\t\t<\/div>\n\t\t\t\t\t<\/div>\n\t\t<\/div>\n\t\t\t\t<div class=\"elementor-column elementor-col-33 elementor-inner-column elementor-element elementor-element-3a30802\" data-id=\"3a30802\" data-element_type=\"column\" data-e-type=\"column\">\n\t\t\t<div class=\"elementor-widget-wrap elementor-element-populated\">\n\t\t\t\t\t\t<div class=\"elementor-element elementor-element-363295a elementor-view-default elementor-widget elementor-widget-icon\" data-id=\"363295a\" data-element_type=\"widget\" data-e-type=\"widget\" data-widget_type=\"icon.default\">\n\t\t\t\t\t\t\t<div class=\"elementor-icon-wrapper\">\n\t\t\t<div class=\"elementor-icon\">\n\t\t\t<svg xmlns=\"http:\/\/www.w3.org\/2000\/svg\" xmlns:xlink=\"http:\/\/www.w3.org\/1999\/xlink\" id=\"Group_4\" data-name=\"Group 4\" width=\"40.857\" height=\"36.682\" viewBox=\"0 0 40.857 36.682\"><defs><clipPath id=\"clip-path\"><rect id=\"Rectangle_14\" data-name=\"Rectangle 14\" width=\"40.857\" height=\"36.682\" fill=\"none\"><\/rect><\/clipPath><\/defs><g id=\"Group_3\" data-name=\"Group 3\" clip-path=\"url(#clip-path)\"><path id=\"Path_5\" data-name=\"Path 5\" d=\"M40.363,14.639l-4.937-2.186,4.937-2.186a.83.83,0,0,0,0-1.517L20.764.072a.831.831,0,0,0-.672,0L.493,8.75a.83.83,0,0,0,0,1.517l4.937,2.186L.493,14.639A.829.829,0,0,0,0,15.4v5.889a.83.83,0,0,0,.493.759L5.431,24.23.493,26.416a.83.83,0,0,0,0,1.517l19.6,8.678a.832.832,0,0,0,.672,0l19.6-8.678a.83.83,0,0,0,0-1.517L35.426,24.23l4.937-2.186a.83.83,0,0,0,.493-.759V15.4a.829.829,0,0,0-.493-.758M20.428,1.737l17.55,7.771-17.55,7.771L2.878,9.508Zm-.336,17.208a.832.832,0,0,0,.672,0L33.377,13.36l4.6,2.037-17.55,7.771L2.878,15.4l4.6-2.037Zm-11.9,4.694V19.564l4.874,2.158V25.8Zm6.533-1.182L19.6,24.615v4.074l-4.874-2.158Zm6.533,2.158,4.874-2.158v4.075l-4.874,2.158Zm6.533-2.893,4.874-2.158v4.075L27.791,25.8ZM1.659,16.671,6.533,18.83V22.9L1.659,20.746ZM20.428,34.946,2.878,27.175l4.6-2.037,12.614,5.585a.832.832,0,0,0,.672,0l12.613-5.585,4.6,2.037ZM34.324,22.9V18.83L39.2,16.671v4.075Z\" transform=\"translate(0 0)\" fill=\"#4d4d4d\"><\/path><\/g><\/svg>\t\t\t<\/div>\n\t\t<\/div>\n\t\t\t\t\t\t<\/div>\n\t\t\t\t<div class=\"elementor-element elementor-element-f09653e elementor-widget elementor-widget-heading\" data-id=\"f09653e\" data-element_type=\"widget\" data-e-type=\"widget\" data-widget_type=\"heading.default\">\n\t\t\t\t\t<span class=\"elementor-heading-title elementor-size-default\">Parimad hinnad<\/span>\t\t\t\t<\/div>\n\t\t\t\t<div class=\"elementor-element elementor-element-84b1815 elementor-widget elementor-widget-text-editor\" data-id=\"84b1815\" data-element_type=\"widget\" data-e-type=\"widget\" data-widget_type=\"text-editor.default\">\n\t\t\t\t\t\t\t\t\t<p>Sind ootavad atraktiivsed pakkumised ja v\u00e4ga head hinnad, sest soovime, et meie kliendid oleksid turul konkurentsiv\u00f5imelised ja teeniksid kasumit.<\/p>\t\t\t\t\t\t\t\t<\/div>\n\t\t\t\t\t<\/div>\n\t\t<\/div>\n\t\t\t\t\t<\/div>\n\t\t<\/section>\n\t\t\t\t\t<\/div>\n\t\t<\/div>\n\t\t\t\t\t<\/div>\n\t\t<\/section>\n\t\t\t\t<section class=\"elementor-section elementor-top-section elementor-element elementor-element-8322b77 elementor-hidden-tablet elementor-hidden-mobile elementor-section-boxed elementor-section-height-default elementor-section-height-default\" data-id=\"8322b77\" data-element_type=\"section\" data-e-type=\"section\" data-settings=\"{&quot;background_background&quot;:&quot;classic&quot;}\">\n\t\t\t\t\t\t<div class=\"elementor-container elementor-column-gap-default\">\n\t\t\t\t\t<div class=\"elementor-column elementor-col-100 elementor-top-column elementor-element elementor-element-ddc3425\" data-id=\"ddc3425\" data-element_type=\"column\" data-e-type=\"column\">\n\t\t\t<div class=\"elementor-widget-wrap elementor-element-populated\">\n\t\t\t\t\t\t<div class=\"elementor-element elementor-element-581e388 elementor-widget elementor-widget-menu-anchor\" data-id=\"581e388\" data-element_type=\"widget\" data-e-type=\"widget\" data-widget_type=\"menu-anchor.default\">\n\t\t\t\t\t\t\t<div class=\"elementor-menu-anchor\" id=\"testimony-anchor\"><\/div>\n\t\t\t\t\t\t<\/div>\n\t\t\t\t\t<\/div>\n\t\t<\/div>\n\t\t\t\t\t<\/div>\n\t\t<\/section>\n\t\t\t\t<section class=\"elementor-section elementor-top-section elementor-element elementor-element-d035c76 elementor-hidden-desktop elementor-section-boxed elementor-section-height-default elementor-section-height-default\" data-id=\"d035c76\" data-element_type=\"section\" data-e-type=\"section\" data-settings=\"{&quot;background_background&quot;:&quot;classic&quot;}\">\n\t\t\t\t\t\t<div class=\"elementor-container elementor-column-gap-default\">\n\t\t\t\t\t<div class=\"elementor-column elementor-col-100 elementor-top-column elementor-element elementor-element-67f03f0\" data-id=\"67f03f0\" data-element_type=\"column\" data-e-type=\"column\">\n\t\t\t<div class=\"elementor-widget-wrap elementor-element-populated\">\n\t\t\t\t\t\t<div class=\"elementor-element elementor-element-1d60c8b elementor-testimonial--layout-image_left elementor-testimonial--align-left elementor-testimonial--mobile-align-left elementor-testimonial--skin-default elementor-pagination-type-bullets elementor-widget elementor-widget-testimonial-carousel\" data-id=\"1d60c8b\" data-element_type=\"widget\" data-e-type=\"widget\" data-settings=\"{&quot;autoplay_speed&quot;:3000,&quot;pagination&quot;:&quot;bullets&quot;,&quot;speed&quot;:500,&quot;autoplay&quot;:&quot;yes&quot;,&quot;loop&quot;:&quot;yes&quot;,&quot;pause_on_hover&quot;:&quot;yes&quot;,&quot;pause_on_interaction&quot;:&quot;yes&quot;,&quot;space_between&quot;:{&quot;unit&quot;:&quot;px&quot;,&quot;size&quot;:10,&quot;sizes&quot;:[]},&quot;space_between_tablet&quot;:{&quot;unit&quot;:&quot;px&quot;,&quot;size&quot;:10,&quot;sizes&quot;:[]},&quot;space_between_mobile&quot;:{&quot;unit&quot;:&quot;px&quot;,&quot;size&quot;:10,&quot;sizes&quot;:[]}}\" data-widget_type=\"testimonial-carousel.default\">\n\t\t\t\t\t\t\t\t\t\t<div class=\"elementor-main-swiper swiper\" role=\"region\" aria-roledescription=\"carousel\" aria-label=\"Slides\">\n\t\t\t\t<div class=\"swiper-wrapper\">\n\t\t\t\t\t\t\t\t\t\t\t<div class=\"swiper-slide\" role=\"group\" aria-roledescription=\"slide\">\n\t\t\t\t\t\t\t\t\t<div class=\"elementor-testimonial\">\n\t\t\t\t\t\t\t<div class=\"elementor-testimonial__content\">\n\t\t\t\t\t<div class=\"elementor-testimonial__text\">\n\t\t\t\t\t\t\u201eSaime PROisolatsioonist k\u00f5ik vajalikud materjalid ja kogu asjaajamine k\u00e4is meeldivalt ruttu. Lisaks on ettev\u00f5tte meeskond professionaalne ja k\u00fcsimuste korral annab alati pariamt n\u00f5u. \nMina olen rahul, t\u00e4nud!\u201c\t\t\t\t\t<\/div>\n\t\t\t\t\t<cite class=\"elementor-testimonial__cite\"><span class=\"elementor-testimonial__name\">Margo M\u00f5ttus  \/ Merko Ehitus Eesti AS<\/span><\/cite>\t\t\t\t<\/div>\n\t\t\t\t\t\t<div class=\"elementor-testimonial__footer\">\n\t\t\t\t\t\t\t\t\t\t\t<\/div>\n\t\t<\/div>\n\t\t\t\t\t\t\t\t<\/div>\n\t\t\t\t\t\t\t\t\t\t\t<div class=\"swiper-slide\" role=\"group\" aria-roledescription=\"slide\">\n\t\t\t\t\t\t\t\t\t<div class=\"elementor-testimonial\">\n\t\t\t\t\t\t\t<div class=\"elementor-testimonial__content\">\n\t\t\t\t\t<div class=\"elementor-testimonial__text\">\n\t\t\t\t\t\tProffessionaalne ja kiire teenindus! Tore on, et PROisiolatsiooni inimesed m\u00f5tlevad alati kaasa ning pakuvad parima hinna ja kvaliteedi suhtega lahendusi. \t\t\t\t\t<\/div>\n\t\t\t\t\t<cite class=\"elementor-testimonial__cite\"><span class=\"elementor-testimonial__name\">Klaus Treimann \/ Bonava Eesti O\u00dc<\/span><\/cite>\t\t\t\t<\/div>\n\t\t\t\t\t\t<div class=\"elementor-testimonial__footer\">\n\t\t\t\t\t\t\t\t\t\t\t<\/div>\n\t\t<\/div>\n\t\t\t\t\t\t\t\t<\/div>\n\t\t\t\t\t\t\t\t\t<\/div>\n\t\t\t\t\t\t\t\t\t\t\t\t\t\t\t\t\t\t\t\t<div class=\"swiper-pagination\"><\/div>\n\t\t\t\t\t\t\t\t\t\t\t\t<\/div>\n\t\t\t\t\t\t\t\t<\/div>\n\t\t\t\t<div class=\"elementor-element elementor-element-26675f2 elementor-widget elementor-widget-menu-anchor\" data-id=\"26675f2\" data-element_type=\"widget\" data-e-type=\"widget\" data-widget_type=\"menu-anchor.default\">\n\t\t\t\t\t\t\t<div class=\"elementor-menu-anchor\" id=\"testimony-anchor\"><\/div>\n\t\t\t\t\t\t<\/div>\n\t\t\t\t<div class=\"elementor-element elementor-element-70be566 elementor-testimonial--layout-image_above elementor-testimonial--align-left elementor-testimonial--mobile-align-center elementor-testimonial--skin-default elementor-pagination-type-bullets elementor-widget elementor-widget-testimonial-carousel\" data-id=\"70be566\" data-element_type=\"widget\" data-e-type=\"widget\" data-settings=\"{&quot;pagination&quot;:&quot;bullets&quot;,&quot;speed&quot;:500,&quot;autoplay&quot;:&quot;yes&quot;,&quot;autoplay_speed&quot;:5000,&quot;loop&quot;:&quot;yes&quot;,&quot;pause_on_hover&quot;:&quot;yes&quot;,&quot;pause_on_interaction&quot;:&quot;yes&quot;,&quot;space_between&quot;:{&quot;unit&quot;:&quot;px&quot;,&quot;size&quot;:10,&quot;sizes&quot;:[]},&quot;space_between_tablet&quot;:{&quot;unit&quot;:&quot;px&quot;,&quot;size&quot;:10,&quot;sizes&quot;:[]},&quot;space_between_mobile&quot;:{&quot;unit&quot;:&quot;px&quot;,&quot;size&quot;:10,&quot;sizes&quot;:[]}}\" data-widget_type=\"testimonial-carousel.default\">\n\t\t\t\t\t\t\t\t\t\t<div class=\"elementor-main-swiper swiper\" role=\"region\" aria-roledescription=\"carousel\" aria-label=\"Slides\">\n\t\t\t\t<div class=\"swiper-wrapper\">\n\t\t\t\t\t\t\t\t\t\t\t<div class=\"swiper-slide\" role=\"group\" aria-roledescription=\"slide\">\n\t\t\t\t\t\t\t\t\t<div class=\"elementor-testimonial\">\n\t\t\t\t\t\t\t<div class=\"elementor-testimonial__content\">\n\t\t\t\t\t<div class=\"elementor-testimonial__text\">\n\t\t\t\t\t\t\u201eSaime PROisolatsioonist k\u00f5ik vajalikud materjalid ja kogu asjaajamine k\u00e4is meeldivalt ruttu. Lisaks on ettev\u00f5tte meeskond professionaalne ja k\u00fcsimuste korral annab alati pariamt n\u00f5u. \nMina olen rahul, t\u00e4nud!\u201c\t\t\t\t\t<\/div>\n\t\t\t\t\t<cite class=\"elementor-testimonial__cite\"><span class=\"elementor-testimonial__name\">Margo M\u00f5ttus \/ Merko Eesti Ehitus AS<\/span><\/cite>\t\t\t\t<\/div>\n\t\t\t\t\t\t<div class=\"elementor-testimonial__footer\">\n\t\t\t\t\t\t\t\t\t\t\t<\/div>\n\t\t<\/div>\n\t\t\t\t\t\t\t\t<\/div>\n\t\t\t\t\t\t\t\t\t\t\t<div class=\"swiper-slide\" role=\"group\" aria-roledescription=\"slide\">\n\t\t\t\t\t\t\t\t\t<div class=\"elementor-testimonial\">\n\t\t\t\t\t\t\t<div class=\"elementor-testimonial__content\">\n\t\t\t\t\t<div class=\"elementor-testimonial__text\">\n\t\t\t\t\t\t\u201eProfessionaalne ja kiire teenindus! Tore on, et\nPROisiolatsiooni inimesed motlevad alati kaasa ning pakuvad parima hinna ja kvaliteedi suhtega lahendusi!\u201c\t\t\t\t\t<\/div>\n\t\t\t\t\t<cite class=\"elementor-testimonial__cite\"><span class=\"elementor-testimonial__name\">Klaus Treimann \/ Bonava Eesti O\u00dc <\/span><\/cite>\t\t\t\t<\/div>\n\t\t\t\t\t\t<div class=\"elementor-testimonial__footer\">\n\t\t\t\t\t\t\t\t\t\t\t<\/div>\n\t\t<\/div>\n\t\t\t\t\t\t\t\t<\/div>\n\t\t\t\t\t\t\t\t\t<\/div>\n\t\t\t\t\t\t\t\t\t\t\t\t\t\t\t\t\t\t\t\t<div class=\"swiper-pagination\"><\/div>\n\t\t\t\t\t\t\t\t\t\t\t\t<\/div>\n\t\t\t\t\t\t\t\t<\/div>\n\t\t\t\t\t<\/div>\n\t\t<\/div>\n\t\t\t\t\t<\/div>\n\t\t<\/section>\n\t\t\t\t<\/div>\n\t\t","protected":false},"excerpt":{"rendered":"<p>Ehitus- ja t\u00f6\u00f6stusisolatsioon Klientide isoleerimise teemalisi kirju\u00a0ootame alati suure r\u00f5\u00f5muga. K\u00fcsi julgelt hinda! Hinnap\u00e4ring Oleme Eesti suurim soojustusmaterjalide m\u00fc\u00fcgile spetsialiseerunud firma ja tahame Sulle pakkuda alati parimat valikut. Kui Sa ei leia siit soovitud soojustusmaterjali, v\u00f5ta \u00fchendust ja leiame koos lahenduse! Kvaliteetne teenindus Sind kuulavad t\u00f5eliselt p\u00fchendunud t\u00f6\u00f6tajad, sesttahame pakkuda parimat teenindust ja andaendast 120%. [&hellip;]<\/p>\n","protected":false},"author":1,"featured_media":0,"parent":0,"menu_order":0,"comment_status":"closed","ping_status":"open","template":"","meta":{"_acf_changed":false,"_eb_attr":"","footnotes":""},"class_list":["post-2","page","type-page","status-publish","hentry"],"acf":[],"_links":{"self":[{"href":"https:\/\/proisolatsioon.ee\/index.php?rest_route=\/wp\/v2\/pages\/2","targetHints":{"allow":["GET"]}}],"collection":[{"href":"https:\/\/proisolatsioon.ee\/index.php?rest_route=\/wp\/v2\/pages"}],"about":[{"href":"https:\/\/proisolatsioon.ee\/index.php?rest_route=\/wp\/v2\/types\/page"}],"author":[{"embeddable":true,"href":"https:\/\/proisolatsioon.ee\/index.php?rest_route=\/wp\/v2\/users\/1"}],"replies":[{"embeddable":true,"href":"https:\/\/proisolatsioon.ee\/index.php?rest_route=%2Fwp%2Fv2%2Fcomments&post=2"}],"version-history":[{"count":115,"href":"https:\/\/proisolatsioon.ee\/index.php?rest_route=\/wp\/v2\/pages\/2\/revisions"}],"predecessor-version":[{"id":996,"href":"https:\/\/proisolatsioon.ee\/index.php?rest_route=\/wp\/v2\/pages\/2\/revisions\/996"}],"wp:attachment":[{"href":"https:\/\/proisolatsioon.ee\/index.php?rest_route=%2Fwp%2Fv2%2Fmedia&parent=2"}],"curies":[{"name":"wp","href":"https:\/\/api.w.org\/{rel}","templated":true}]}}