{"id":22,"date":"2022-06-27T07:27:59","date_gmt":"2022-06-27T07:27:59","guid":{"rendered":"https:\/\/proisolatsioon.ee\/?page_id=22"},"modified":"2024-09-16T07:06:54","modified_gmt":"2024-09-16T07:06:54","slug":"tutvustus","status":"publish","type":"page","link":"https:\/\/proisolatsioon.ee\/?page_id=22","title":{"rendered":"Tutvustus"},"content":{"rendered":"\t\t<div data-elementor-type=\"wp-page\" data-elementor-id=\"22\" class=\"elementor elementor-22\" data-elementor-post-type=\"page\">\n\t\t\t\t\t\t<section class=\"elementor-section elementor-top-section elementor-element elementor-element-8b37e0e elementor-section-boxed elementor-section-height-default elementor-section-height-default\" data-id=\"8b37e0e\" data-element_type=\"section\" data-e-type=\"section\" data-settings=\"{&quot;background_background&quot;:&quot;classic&quot;}\">\n\t\t\t\t\t\t<div class=\"elementor-container elementor-column-gap-default\">\n\t\t\t\t\t<div class=\"elementor-column elementor-col-100 elementor-top-column elementor-element elementor-element-ee54efa\" data-id=\"ee54efa\" data-element_type=\"column\" data-e-type=\"column\">\n\t\t\t<div class=\"elementor-widget-wrap elementor-element-populated\">\n\t\t\t\t\t\t<section class=\"elementor-section elementor-inner-section elementor-element elementor-element-616cd7f elementor-section-boxed elementor-section-height-default elementor-section-height-default\" data-id=\"616cd7f\" data-element_type=\"section\" data-e-type=\"section\">\n\t\t\t\t\t\t<div class=\"elementor-container elementor-column-gap-default\">\n\t\t\t\t\t<div class=\"elementor-column elementor-col-50 elementor-inner-column elementor-element elementor-element-090a1ac\" data-id=\"090a1ac\" data-element_type=\"column\" data-e-type=\"column\">\n\t\t\t<div class=\"elementor-widget-wrap elementor-element-populated\">\n\t\t\t\t\t\t<div class=\"elementor-element elementor-element-a2d5939 elementor-widget elementor-widget-heading\" data-id=\"a2d5939\" data-element_type=\"widget\" data-e-type=\"widget\" data-widget_type=\"heading.default\">\n\t\t\t\t\t<h2 class=\"elementor-heading-title elementor-size-default\">Kes?<\/h2>\t\t\t\t<\/div>\n\t\t\t\t<div class=\"elementor-element elementor-element-ef3fd78 elementor-widget elementor-widget-heading\" data-id=\"ef3fd78\" data-element_type=\"widget\" data-e-type=\"widget\" data-widget_type=\"heading.default\">\n\t\t\t\t\t<span class=\"elementor-heading-title elementor-size-default\">T\u00f5siselt PROfessionaalsed tegijad!<\/span>\t\t\t\t<\/div>\n\t\t\t\t<div class=\"elementor-element elementor-element-5f0aa2d elementor-widget elementor-widget-text-editor\" data-id=\"5f0aa2d\" data-element_type=\"widget\" data-e-type=\"widget\" data-widget_type=\"text-editor.default\">\n\t\t\t\t\t\t\t\t\t<p>PROisolatsioon O\u00dc on suurim soojustusmaterjalidele spetsialiseeritud ettev\u00f5te, mis pakub parimat isolatsioonide valikut Eestis. Meilt saad muuhulgas tellida:<\/p>\n<p>Maailma suurima kivivilla tootja Rockwooli toodangut, mis pakub tulekaitse ja enrgiat\u00f5husus lahendusi nii kodudesse, kui ka t\u00f6\u00f6stusele.&nbsp;<\/p>\n<p>Populaarset Knaufi klaasvilla, mis sobib h\u00e4sti nii uutesse kui ka renoveeritavatesse hoonetesse. Klaasvill on hea soojustus ning lihtne k\u00e4sitleda.<\/p>\n<p>Kvaliteetse PIR ja XPS soojustusplaadid, mis on kerged, vastupidavad <br>ning universaalselt kasutatavad erinevates ehituskonstruktsioonides.&nbsp;<\/p>\t\t\t\t\t\t\t\t<\/div>\n\t\t\t\t\t<\/div>\n\t\t<\/div>\n\t\t\t\t<div class=\"elementor-column elementor-col-50 elementor-inner-column elementor-element elementor-element-947f1c9\" data-id=\"947f1c9\" data-element_type=\"column\" data-e-type=\"column\">\n\t\t\t<div class=\"elementor-widget-wrap elementor-element-populated\">\n\t\t\t\t\t\t<div class=\"elementor-element elementor-element-6a6e75d elementor-widget elementor-widget-image\" data-id=\"6a6e75d\" data-element_type=\"widget\" data-e-type=\"widget\" data-widget_type=\"image.default\">\n\t\t\t\t\t\t\t\t\t\t\t\t\t\t\t<img fetchpriority=\"high\" decoding=\"async\" width=\"800\" height=\"526\" src=\"https:\/\/proisolatsioon.ee\/wp-content\/uploads\/2022\/06\/AdobeStock_180557547-Mask-3-1024x673.png\" class=\"attachment-large size-large wp-image-97\" alt=\"\" srcset=\"https:\/\/proisolatsioon.ee\/wp-content\/uploads\/2022\/06\/AdobeStock_180557547-Mask-3-1024x673.png 1024w, https:\/\/proisolatsioon.ee\/wp-content\/uploads\/2022\/06\/AdobeStock_180557547-Mask-3-300x197.png 300w, https:\/\/proisolatsioon.ee\/wp-content\/uploads\/2022\/06\/AdobeStock_180557547-Mask-3-768x505.png 768w, https:\/\/proisolatsioon.ee\/wp-content\/uploads\/2022\/06\/AdobeStock_180557547-Mask-3-1536x1009.png 1536w, https:\/\/proisolatsioon.ee\/wp-content\/uploads\/2022\/06\/AdobeStock_180557547-Mask-3-2048x1345.png 2048w\" sizes=\"(max-width: 800px) 100vw, 800px\" \/>\t\t\t\t\t\t\t\t\t\t\t\t\t\t\t<\/div>\n\t\t\t\t\t<\/div>\n\t\t<\/div>\n\t\t\t\t\t<\/div>\n\t\t<\/section>\n\t\t\t\t<section class=\"elementor-section elementor-inner-section elementor-element elementor-element-3052c64 elementor-section-boxed elementor-section-height-default elementor-section-height-default\" data-id=\"3052c64\" data-element_type=\"section\" data-e-type=\"section\">\n\t\t\t\t\t\t<div class=\"elementor-container elementor-column-gap-default\">\n\t\t\t\t\t<div class=\"elementor-column elementor-col-50 elementor-inner-column elementor-element elementor-element-498aa54\" data-id=\"498aa54\" data-element_type=\"column\" data-e-type=\"column\">\n\t\t\t<div class=\"elementor-widget-wrap elementor-element-populated\">\n\t\t\t\t\t\t<div class=\"elementor-element elementor-element-63c1cd1 elementor-widget elementor-widget-heading\" data-id=\"63c1cd1\" data-element_type=\"widget\" data-e-type=\"widget\" data-widget_type=\"heading.default\">\n\t\t\t\t\t<h2 class=\"elementor-heading-title elementor-size-default\">Kellele?<\/h2>\t\t\t\t<\/div>\n\t\t\t\t<div class=\"elementor-element elementor-element-a53d535 elementor-widget elementor-widget-text-editor\" data-id=\"a53d535\" data-element_type=\"widget\" data-e-type=\"widget\" data-widget_type=\"text-editor.default\">\n\t\t\t\t\t\t\t\t\t<p>Meie klientideks on paigaldajad, peat\u00f6\u00f6v\u00f5tjad, edasim\u00fc\u00fcjad, suured t\u00f6\u00f6stusettev\u00f5tted, riigifirmad ning ka eraisikud.<\/p>\t\t\t\t\t\t\t\t<\/div>\n\t\t\t\t\t<\/div>\n\t\t<\/div>\n\t\t\t\t<div class=\"elementor-column elementor-col-50 elementor-inner-column elementor-element elementor-element-60b0e99\" data-id=\"60b0e99\" data-element_type=\"column\" data-e-type=\"column\">\n\t\t\t<div class=\"elementor-widget-wrap elementor-element-populated\">\n\t\t\t\t\t\t<div class=\"elementor-element elementor-element-df8120d elementor-widget elementor-widget-heading\" data-id=\"df8120d\" data-element_type=\"widget\" data-e-type=\"widget\" data-widget_type=\"heading.default\">\n\t\t\t\t\t<h2 class=\"elementor-heading-title elementor-size-default\">Mida?<\/h2>\t\t\t\t<\/div>\n\t\t\t\t<div class=\"elementor-element elementor-element-8334306 elementor-widget elementor-widget-text-editor\" data-id=\"8334306\" data-element_type=\"widget\" data-e-type=\"widget\" data-widget_type=\"text-editor.default\">\n\t\t\t\t\t\t\t\t\t<p>Pakume materjale vundamentidele, v\u00e4lisseintele, siseseintele, karkassp\u00f5randatele, ujuvp\u00f5randatele, vahelagedele, viilkatustele, lamekatustel, m\u00e4rgadesse ruumidesse, tulekaitse t\u00f6\u00f6deks, ventilatsioonile, torustikele, mahutitele, ahjudele, kaminatele, boileritele, t\u00f6\u00f6stusagregaatidele, filtritele ning veel paljudesse kohtadesse.<\/p>\t\t\t\t\t\t\t\t<\/div>\n\t\t\t\t\t<\/div>\n\t\t<\/div>\n\t\t\t\t\t<\/div>\n\t\t<\/section>\n\t\t\t\t\t<\/div>\n\t\t<\/div>\n\t\t\t\t\t<\/div>\n\t\t<\/section>\n\t\t\t\t<section class=\"elementor-section elementor-top-section elementor-element elementor-element-fab6091 elementor-section-boxed elementor-section-height-default elementor-section-height-default\" data-id=\"fab6091\" data-element_type=\"section\" data-e-type=\"section\" data-settings=\"{&quot;background_background&quot;:&quot;classic&quot;}\">\n\t\t\t\t\t\t<div class=\"elementor-container elementor-column-gap-default\">\n\t\t\t\t\t<div class=\"elementor-column elementor-col-100 elementor-top-column elementor-element elementor-element-ba9f7c3\" data-id=\"ba9f7c3\" data-element_type=\"column\" data-e-type=\"column\">\n\t\t\t<div class=\"elementor-widget-wrap elementor-element-populated\">\n\t\t\t\t\t\t<div class=\"elementor-element elementor-element-8523543 elementor-widget elementor-widget-heading\" data-id=\"8523543\" data-element_type=\"widget\" data-e-type=\"widget\" data-widget_type=\"heading.default\">\n\t\t\t\t\t<span class=\"elementor-heading-title elementor-size-default\">Parimad lahendused, tippteenindus ja personaalne l\u00e4henemine - see ongi PROisolatsioon!<\/span>\t\t\t\t<\/div>\n\t\t\t\t\t<\/div>\n\t\t<\/div>\n\t\t\t\t\t<\/div>\n\t\t<\/section>\n\t\t\t\t<\/div>\n\t\t","protected":false},"excerpt":{"rendered":"<p>Kes? T\u00f5siselt PROfessionaalsed tegijad! PROisolatsioon O\u00dc on suurim soojustusmaterjalidele spetsialiseeritud ettev\u00f5te, mis pakub parimat isolatsioonide valikut Eestis. Meilt saad muuhulgas tellida: Maailma suurima kivivilla tootja Rockwooli toodangut, mis pakub tulekaitse ja enrgiat\u00f5husus lahendusi nii kodudesse, kui ka t\u00f6\u00f6stusele.&nbsp; Populaarset Knaufi klaasvilla, mis sobib h\u00e4sti nii uutesse kui ka renoveeritavatesse hoonetesse. Klaasvill on hea soojustus ning [&hellip;]<\/p>\n","protected":false},"author":1,"featured_media":0,"parent":0,"menu_order":0,"comment_status":"closed","ping_status":"closed","template":"","meta":{"_acf_changed":false,"_eb_attr":"","footnotes":""},"class_list":["post-22","page","type-page","status-publish","hentry"],"acf":[],"_links":{"self":[{"href":"https:\/\/proisolatsioon.ee\/index.php?rest_route=\/wp\/v2\/pages\/22","targetHints":{"allow":["GET"]}}],"collection":[{"href":"https:\/\/proisolatsioon.ee\/index.php?rest_route=\/wp\/v2\/pages"}],"about":[{"href":"https:\/\/proisolatsioon.ee\/index.php?rest_route=\/wp\/v2\/types\/page"}],"author":[{"embeddable":true,"href":"https:\/\/proisolatsioon.ee\/index.php?rest_route=\/wp\/v2\/users\/1"}],"replies":[{"embeddable":true,"href":"https:\/\/proisolatsioon.ee\/index.php?rest_route=%2Fwp%2Fv2%2Fcomments&post=22"}],"version-history":[{"count":43,"href":"https:\/\/proisolatsioon.ee\/index.php?rest_route=\/wp\/v2\/pages\/22\/revisions"}],"predecessor-version":[{"id":999,"href":"https:\/\/proisolatsioon.ee\/index.php?rest_route=\/wp\/v2\/pages\/22\/revisions\/999"}],"wp:attachment":[{"href":"https:\/\/proisolatsioon.ee\/index.php?rest_route=%2Fwp%2Fv2%2Fmedia&parent=22"}],"curies":[{"name":"wp","href":"https:\/\/api.w.org\/{rel}","templated":true}]}}